{"id":44,"date":"2020-12-02T23:44:02","date_gmt":"2020-12-02T23:44:02","guid":{"rendered":"https:\/\/www.staff.ncl.ac.uk\/corauhlemann\/?page_id=44"},"modified":"2026-03-19T22:39:09","modified_gmt":"2026-03-19T22:39:09","slug":"talks-meetings","status":"publish","type":"page","link":"https:\/\/www.staff.ncl.ac.uk\/corauhlemann\/talks-meetings\/","title":{"rendered":"TALKS &amp; MEETINGS"},"content":{"rendered":"\n<p>A&nbsp;list of talks given at conferences,&nbsp;seminars and colloquia. <\/p>\n\n\n\n<h2 class=\"wp-block-heading\">ORGANISATIONS OF WORKSHOPS<\/h2>\n\n\n\n<p><a href=\"https:\/\/www.esi.ac.at\/events\/e576\">ESI Workshop &#8220;Putting the Cosmic Large-scale Structure on the Map: Theory Meets Numerics&#8221; <\/a>, September 2025, Vienna, Austria<\/p>\n\n\n\n<p><a href=\"https:\/\/www.sexten-cfa.eu\/event\/new-strategies-for-extracting-cosmology-from-galaxy-surveys\/\">New Strategies for Extracting Cosmology from Galaxy Surveys<\/a>, Sexten, July 2023\/24\/25<\/p>\n\n\n\n<p><a href=\"https:\/\/th-workshop2024.desy.de\" target=\"_blank\" rel=\"noreferrer noopener\">DESY Theory Workshop: Whispers from the Dark Universe<\/a>, Hamburg, September 2024<\/p>\n\n\n\n<p><a href=\"https:\/\/www.ctc.cam.ac.uk\/activities\/ng\/\" target=\"_blank\" rel=\"noreferrer noopener\">The Non-Gaussian Universe<\/a>, Centre for Theoretical Cosmology, Cambridge, Sept 2019<\/p>\n\n\n\n<p><a href=\"https:\/\/www.wpi.ac.at\/event_view.php?id_activity=259\" target=\"_blank\" rel=\"noreferrer noopener\">Numerics for cosmology \u2013 the Schr\u00f6dinger method<\/a>, WPI Vienna, May 2018<\/p>\n\n\n\n<h2 class=\"wp-block-heading\">ORGANISATION OF RESEARCH COMMUNITY MEETINGS<\/h2>\n\n\n\n<p>Co-organiser\u00a0<a href=\"https:\/\/indico.physik.uni-bielefeld.de\/event\/302\/overview\" data-type=\"link\" data-id=\"https:\/\/indico.physik.uni-bielefeld.de\/event\/302\/overview\" target=\"_blank\" rel=\"noreferrer noopener\">Cosmology Day at Bielefeld University<\/a>, May 2024, April 2025, May 2026<\/p>\n\n\n\n<p>Co-Organiser Euclid Consortium Meeting Splinters \u2018Higher-order statistics for Galaxy Clustering &amp; Weak Lensing\u2019, Copenhagen, June 2023<\/p>\n\n\n\n<p>Organiser of\u00a0<a href=\"https:\/\/blogs.ncl.ac.uk\/cosmology\/uk-cosmo-2022\/\" target=\"_blank\" rel=\"noreferrer noopener\">UK Cosmology\u00a0Meeting at\u00a0Newcastle University<\/a>, May 2022<\/p>\n\n\n\n<h2 class=\"wp-block-heading\"><strong>CONFERENCE &amp; WORKSHOP&nbsp;TALKS<\/strong><\/h2>\n\n\n\n<p>in total 73 talks at workshops, conferences and community&nbsp;meetings<\/p>\n\n\n\n<p>[1] <strong>Probing the cosmic large-scale structure beyond the average<\/strong><br>Invited Plenary Talk, German Physical Society Spring Meeting, G\u00f6ttingen (DE), April 2025<\/p>\n\n\n\n<p>[1] <strong>Making dark matter waves &#8211; the cosmic web &amp; wavelike dark matter<br><\/strong>Invited Plenary Talk, Axions in Japan, Kavli IPMU (JP), November 2025<\/p>\n\n\n\n<p>[1] <strong>Towards cosmology beyond 2-point statistics<\/strong><br>Euclid-LOFAR meeting, Leiden (NL), March 2025<\/p>\n\n\n\n<p>[1] <strong>One Eye on the Cosmos: Probing the Universe with One-Point Statistics<\/strong><br>ESLAB Euclid Symposium, Leiden (NL), March 2025<\/p>\n\n\n\n<p>[1] <strong>The multi-color Universe through a monocle<\/strong><br>The multi-color universe &#8211; A new era with Line Intensity Mapping, Heidelberg (DE), December 2024<\/p>\n\n\n\n<p>[2] <strong>Original approaches to the large-scale structure<\/strong><br>Excellence Cluster ORIGINS Science Week, Kloster Seeon (DE), November 2024<br>MIAPbP Workshop Big Data, Big Questions: The Future of Cosmological Surveys, Garching (DE), May 2025<\/p>\n\n\n\n<p>[1]&nbsp;<strong>When to interfere with dark matter &#8211; the impact of wave dynamics on statistics<\/strong><br>Talk, Workshop &#8220;Whispers from the dark universe &#8211; particles and fields in the gravitational wave era&#8221;, DESY Hamburg, Germany, September 2024<\/p>\n\n\n\n<p>[1] <strong>Modified gravity getting to the one-point clustering statistics<\/strong>,<br>Talk, 50 Years of Horndeski Gravity: Exploring Modified Gravity, Perimeter Institute, Canada July 2024<\/p>\n\n\n\n<p>[1] <strong>Cosmo cruise to a vast ocean of cosmological information<\/strong><br>Talk, Conference &#8220;Making Light of the Universe&#8221;, Vancouver, Canada, June 2024<\/p>\n\n\n\n<p>[2] <strong>The Complexity of the large-scale structure in one wavefunction<br><\/strong>Invited Talk, Irish Theoretical Physics Meeting, Maynooth (IE), September 2023<br>Invited Talk, Workshop The Complexity of the Cosmos (GSSI, IT), October 2022<\/p>\n\n\n\n<p>[7] <strong>Nuw Cosmology beyond the average from one-point statistics<br><\/strong>Contributed Talk, Cosmo23, IFT UAM-CSIC Madrid, September 2023<br>Invited Talk, Focus Week &#8216;Interpretable and higher-order statistics for late-time cosmology&#8217; (IFPU Trieste, IT), June 2022<br>Invited Talk, Cosmology with Weak Lensing: Beyond the Two-point Statistics, remote (YITP Kyoto, Japan), April 2022<br>Invited Plenary, Cosmic Cartography, remote (Kavli IPMU, JPN), March 2022<br>Cosmo&#8217;21, remote (University of Illinois, USA), August 2021<br>ATLAS Massively Parallel Large Area Spectroscopy from Space, remote (Instituto de Astrof\u00edsica e Ci\u00eancias do Espa\u00e7o, Portugal), June 2021<\/p>\n\n\n\n<p><strong>Disentangling early and late-time non-Gaussianity with counts-in-cells<\/strong><br>Invited Talk, Workshop Extracting competitive constraints from LSS (Technion, ISR), December 2022<\/p>\n\n\n\n<p>[6]<strong> Cosmology and fundamental physics with counts-in-cells<\/strong><br>Euclid Science Working Group Galaxy Clustering &amp; Weak Lensing Meeting, IAP Paris (F), February 2020<br>DEX&nbsp;Durham-Edinburgh Extragalactic workshop, Durham (UK), January 2020<br>Euclid&nbsp;UK Meeting 2019, London (UK), December 2019<br>LCDM&nbsp;London Cosmology Discussion Meeting,&nbsp;London (UK), December 2019<br>KICC 10th Anniversary Symposium, Cambridge (UK), September 2019<br>Euclid&nbsp;UK Meeting 2018, Oxford (UK), December 2018<\/p>\n\n\n\n<p>[2] <strong>Game of Cones: Modelling the weak lensing convergence PDF<\/strong><br>DAMTP&nbsp;Workshop &#8220;The Non-Gaussian Universe&#8221;, Cambridge (UK), September 2019<br>Euclid Collaboration Meeting, Helsinki (FIN), June 2019<\/p>\n\n\n\n<p>[9] <strong>A semiclassical path to cosmic large-scale structure<\/strong><br>KITP Workshop Cosmic Web Connecting Galaxies to Cosmology at High and Low Redshift, Santa Barbara (USA), January 2023<br>Cosmology from Home Conference, August-September 2020<br>Lorentz Center Workshop &#8220;The cosmic web in the local universe&#8221;, Leiden (NL), January 2020<br>MIAPP Workshop &#8216;Dynamics of Large-Scale Structure Formation&#8217;, Garching (DE), July 2019<br>Workshop &#8216;The Cosmic Web: From Galaxies to Cosmology&#8217;, Edinburgh (UK), June 2019<br>UK Cosmo Meeting, Cambridge (UK), May 2019<br>Workshop \u2018PTchat\u2019, Kyoto (JPN), April 2019<br>German Physical Society (DPG) Spring Meeting, Munich (DE), March 2019<\/p>\n\n\n\n<p>[2] <strong>Large-scale clustering with counts-in-cells statistics<\/strong><br>Workshop &#8220;Analytical Methods&#8221; during IHP Cosmology Trimester, Paris (FR), September&nbsp;2018<br>Conference &#8220;The Dark Universe&#8221;,&nbsp;LMU Munich (DE),&nbsp;October 2017<\/p>\n\n\n\n<p><strong>Counts-in-cells for intensity mapping<\/strong><br>Workshop \u2018The nonlinear universe\u2019, Smartno (SI), July&nbsp;2018<\/p>\n\n\n\n<p><strong>Counts-in-cells statistics and optimal tracer combinations<\/strong><br>Workshop \u2018Consistency of Cosmological Datasets\u2019, Cambridge (UK), May 2018<\/p>\n\n\n\n<p><strong>Turn back time: Gaussianising the late-time matter density field<\/strong><br>German Physical Society (DPG) Spring Meeting, W\u00fcrzburg (DE), March 2018<\/p>\n\n\n\n<p>[3] <strong>Finding closure \u2013 what Schr\u00f6dinger-Poisson can teach us about cumulant hierarchies<\/strong><br>Workshop \u2018Numerics for cosmology \u2013 the Schr\u00f6dinger method\u2019, WPI Vienna (AU), May 2018<br>German Physical Society (DPG) Spring Meeting, W\u00fcrzburg (DE), March 2018<br>Workshop \u2018Vlasov-Poisson in cosmology and plasma physics\u2019, WPI Vienna (AU), December 2017<\/p>\n\n\n\n<p>[6] <strong>Counts-in-cells statistics \u2014 from theory&nbsp;towards galaxy surveys<\/strong><br>ANR SPIN(E) Kick-out Meeting, St Raphael (FR), September 2017<br>Understanding cosmological observations, Pedro Pascual&nbsp;Center&nbsp;Benasque (ES), August&nbsp;2017<br>Advances in Theoretical Cosmology in Light of Data, NORDITA Stockholm (SWE),&nbsp;July&nbsp;2017<br>The nonlinear universe, Smartno (SI), July 2017<br>Origin of Mass 2017,&nbsp;CP\u00b3-Origins&nbsp;Odense (DK), May 2017<br>German Physical Society (DPG) spring conference, Bremen (DE), March 13 &#8211; 17, 2017<\/p>\n\n\n\n<p>[4] <strong>The Skeleton of our Universe \u2013 insights into the Cosmic Web<\/strong><br>Young Scientists&#8217; Conference on Astronomy and Space Physics, Ukraine (remote), April 2025<br>jDPG Jubilee Conference `Long Live Physics&#8217;, Dresden (DE), Oct 28 &#8211; Nov 1, 2016<br>Workshop Rising Stars in Physics, MIT, Cambridge (USA), Oct 2016<br>66th Lindau Nobel Laureate Meeting in Physics, Lindau (DE), June&nbsp;2016<\/p>\n\n\n\n<p>[7] <strong>Large deviation statistics of the cosmic density field<\/strong><br>Invited Talk, The complexity of the Cosmos, GSSI (IT), September 2023<br>Workshop \u2018Theoretical challenges for precision galaxy clustering\u2019, Sesto (IT), July&nbsp;2016<br>66th Lindau Nobel Laureate Meeting in Physics, Lindau (DE), June&nbsp;2016<br>Theoretical Cosmology in the Era of Large Surveys, Florence (IT), May 2016<br>11th Cosmology Day, Bielefeld (DE), April&nbsp;2016<br>Statistics of Extrema in Large scale structure, Leiden (NL), March&nbsp;2016<br>German Physical Society (DPG) Spring Meeting, Hamburg (DE), March 2016<\/p>\n\n\n\n<p>[4] <strong>Streaming Models for Redshift Space Distortions<\/strong><br>Workshop \u2018BAO&amp; RSD: Dark Light on Obscure Acronyms\u2019, Sesto (IT), July&nbsp;2016<br>1st Roman Juszkiewicz Symposium \u2018The non-linear universe\u2019, Warsaw (PL), August&nbsp;2015<br>Theoretical &amp; Observational Progress on Large-scale Structure, Garching (DE), July&nbsp;2015&nbsp;<br>Cosmological Structures from Reionization to Galaxies, ICTP Trieste (IT), May&nbsp;2015<\/p>\n\n\n\n<p><strong>Coarse-grained cosmological perturbation theory \u2013 stirring&nbsp;up the dust model<\/strong><br>German Physical Society (DPG) Spring Meeting, Berlin (DE), March&nbsp;2015<\/p>\n\n\n\n<p>[6] <strong>Large scale structure formation&nbsp;with the Schr\u00f6dinger method<\/strong><br>DESY Theory Workshop &#8216;Rethinking Quantum Field Theory&#8217;, Hamburg (DE), September&nbsp;2016<br>Cosmo Cruise \u2018At the Edge of Discovery\u2019, Mediterranean Sea, September&nbsp;2015<br>International Conference of Physics Students, Heidelberg (DE), August 2014<br>IAU Symposium The Zeldovich Universe, Tallinn (EE), June&nbsp;2014<br>PONT Progress on Old and New Themes in cosmology, Avignon (FR), April&nbsp;2014&nbsp;<br>German Physical Society (DPG) Spring Meeting, Berlin (DE), March&nbsp;2014<\/p>\n\n\n\n<h2 class=\"wp-block-heading\"><strong>SEMINAR &amp; COLLOQUIUM&nbsp;TALKS<\/strong><\/h2>\n\n\n\n<p>in total&nbsp;78 talks for seminars and colloquia<\/p>\n\n\n\n<p>[1] <strong>Cumulants in the Cosmos: Mathematical Tools for Unraveling Mysteries in the Universe<br><\/strong>Research Centre for Mathematical Modelling (RCM\u00b2)&nbsp;Colloquium, Bielefeld (DE), June 2025<br><\/p>\n\n\n\n<p>[2] <strong>Original approaches to the large-scale structure<\/strong><br>Applied Maths Internal Seminar, Newcastle University (UK), March 2025<br>Colloquium, IAP Paris (FR), November 2024<\/p>\n\n\n\n<p>[3] <strong>Probing cosmic large-scale structure beyond the average<\/strong><br>Cosmology Seminar, Perimeter Institute Waterloo (CA), June 2024<br>Astronomy Colloquium, LMU Munich (DE), February 2024<br>Cosmology Lunch, University of Cambridge (UK), January 2024<\/p>\n\n\n\n<p>[2] <strong>Cosmology from the Dark Universe to Galaxy Surveys<br><\/strong>Astronomy Colloquium, University of Vienna (AT), May 2024<br>Inaugural Lecture, Bielefeld University (DE), April 2024<\/p>\n\n\n\n<p>[5] <strong>The Skeleton of our Universe<\/strong><br>Physics Colloquium, University of G\u00f6ttingen (DE), April 2024<br>Physics Colloquium, University of Bremen (DE), April 2024<br>Physics Colloquium, Goethe University Frankfurt (DE), May 2023<br>Physics Colloquium, Bielefeld University (DE), April 2023<br>Physics Colloquium, University of Innsbruck (AT), March 2023<\/p>\n\n\n\n<p>[6] <strong>Cosmology beyond the average with one-point statistics<br><\/strong>Astro Seminar, Hamburg Observatory (DE), February 2025<br>Astro Seminar, Ruhr University Bochum (DE), April 2024<br>Cosmology Seminar, University of Oxford (UK), November 2023<br>Astronomy Colloquium, University of Sussex (UK), October 2023<br>Cosmology Seminar, University of Geneva (CH), December 2022<br>Colloquium, Jordrell Bank Centre for Astrophysics Manchester (UK), November 2022<\/p>\n\n\n\n<p>[1] <strong>The Complexity of the large-scale structure in one wavefunction<br><\/strong>Theoretical Physics Seminar, Maynooth University (IRE), November 2022<\/p>\n\n\n\n<p>[6] <strong>Making dark matter waves &#8211; the cosmic web &amp; wavelike dark matter<br><\/strong>Theory Seminar, DESY Hamburg (DE), February 2025<br>Astrophysical and Cosmological Relativity Seminar, AEI Golm (DE), September 2024<br>Cosmology Lunch, CITA Toronto (CA), August 2024<br>CRAG Seminar, University of Sheffield (UK), February 2024<br>HEP\/Cosmo Theory Seminar, TU Munich (DE), February 2024<br>Particle Physics Seminar, Queen Mary University London (UK), October 2022<\/p>\n\n\n\n<p><strong>Nuw Cosmology beyond the average from one-point statistics<br><\/strong>Cosmology Open Group Seminar, Harvard University (remote), May 2022<\/p>\n\n\n\n<p>[3] <strong>Cosmology and fundamental physics with counts-in-cells<\/strong><br>Cosmology Seminar, Sharif University, Tehran (remote), November 2021<br>Astro Seminar, Max Planck Institute for Astrophysics, Munich (remote), May 2021<br>Astro Seminar, Imperial College, London (UK), November 2019<\/p>\n\n\n\n<p>[6] <strong>A semiclassical path to cosmic large-scale structure<\/strong><br>Theoretical Particle Physics &amp; Cosmology Seminar, Aachen University (remote), November 2021<br>NORDITA High-energy Theory Seminar, Stockholm (SWE), March 2020<br>Newcastle Applied Mathematics Seminar, Newcastle-upon-Tyne (UK), February 2020<br>Kavli Happy Hour,&nbsp;Kavli Institute for Cosmology, Cambridge (UK), October 2019<br>Cosmology Seminar, University of Amsterdam, Amsterdam (NL), October&nbsp;2019<br>King\u2019s College London TPPC Seminar, London (UK), May 2019<\/p>\n\n\n\n<p><strong>Large scale clustering in a nutshell: from the CMB to the Cosmic Web<\/strong><br>MPIfR &amp; AIfA Colloquium, Bonn (DE), May 2018<\/p>\n\n\n\n<p>[4] <strong>Large scale clustering with counts-in-cells statistics<\/strong><br>Astronomy Colloquium, Royal Observatory Edinburgh (UK), April 2019<br>London Relativity &amp; Cosmology Seminar,&nbsp;Queen Mary University&nbsp;London (UK),&nbsp;Jan 2019<br>Astronomy Colloquium, Durham&nbsp;University (UK), October 2018<br>Cosmology Seminar, University of Oxford (UK), January 2018<\/p>\n\n\n\n<p>[3] <strong>Counts-in-cells statistics \u2013 from theory towards galaxy surveys<\/strong><br>Astro Seminar, Kavli IPMU, Tokyo (JPN), November 2017<br>Dark Energy Science Meeting, Korea Institute for Advanced Study, Seoul (KR), November 2017<br>Cosmology Seminar,&nbsp;Korea Astronomy and Space Science Institute&nbsp;(KR), October 2017<\/p>\n\n\n\n<p><strong>Cosmic structure formation pushed to the&nbsp;nonlinear regime<\/strong><br>Quantum Gravity Seminar,&nbsp;Radboud University Nijmegen (NL),&nbsp;April 2017<\/p>\n\n\n\n<p><strong>Mathematics for the Universe on the largest scales<\/strong><br>Student&nbsp;Seminar Mathematics,&nbsp;University of&nbsp;Lincoln (UK), November 2018<\/p>\n\n\n\n<p>[14] <strong>Large-deviation statistics of the cosmic density field<\/strong><br>CITA&nbsp;Cosmology discussion,&nbsp;Canadian Institute for Theoretical Astrophysics, Toronto (CA), February 2017<br>Galaxies &amp; Cosmology Seminar, Harvard-Smithsonian Center for Astrophysics, Cambridge (USA), January&nbsp;2017<br>PennState Cosmo Seminar,&nbsp;Penn&nbsp;State University, Sate College&nbsp;(USA), December 2016<br>UPenn Astro Seminar, University of Pennsylvania, Philadelphia (USA), December 2016&nbsp;<br>CfA&nbsp;ITC Group Meeting,&nbsp;Harvard-Smithsonian Center for Astrophysics, Cambridge (USA), December 2016<br>NYU Astrophysics Seminar, New York University, New York (USA), December 2016<br>ITA Seminar, Institute for Theoretical Astrophysics, Heidelberg (DE), December 2016<br>MPA Seminar, Max Planck Institute for Astrophysics, Garching (DE), November 2016<br>ICG Colloquium, University of Portsmouth, Portsmouth (UK), November 2016<br>UCL Cosmology Seminar, University College London, London (UK), November 2016<br>Sussex Cosmology&nbsp;Seminar, University of Sussex, Brighton (UK), November 2016<br>DAMTP Cosmology Lunch, University of Cambridge, Cambridge (UK), November 2016<br>ROE Coffee Talk, University of Edinburgh, Edinburgh (UK), November 2016<br>IAS\/Princeton Cosmology Lunch, Princeton University, Princeton (USA), October 2016<\/p>\n\n\n\n<p>[2] <strong>Schr\u00f6dinger method as field theoretical model to describe structure formation&nbsp;<\/strong><br>Perimeter Institute for Theoretical Physics, Waterloo (CA), October 2014&nbsp;<br>Albert Einstein Institute &amp; MPI Gravitational Physics, Potsdam (DE), July 2014&nbsp;<\/p>\n\n\n\n<p>[17] <strong>Large scale structure formation with the Schr\u00f6dinger method<\/strong><br>Applied Mathematics Seminar, Newcastle University, Newcastle (UK), November 2016<br>Theoretical Cosmology Meeting in the Netherlands, Utrecht (NL), October 2015<br>GReCo Seminar, Institut d&#8217;Astrophysique Paris, Paris (FR), September 2015<br>Cosmology Seminar, University Utrecht, Utrecht (NL), January 2015<br>Cosmology&nbsp;Seminar, Georg-August-University, G\u00f6ttingen (DE), December 2014<br>KIPAC Tea Talk,&nbsp;Stanford University, Stanford (USA), November 2014<br>INPA Seminar, Lawrence Berkeley National Laboratory, Berkeley (USA), November 2014<br>TAPIR Seminar, California Institute of Technology, Pasadena (USA), November 2014&nbsp;<br>Astrophysics Seminar, University of Kansas, Lawrence (USA), November 2014<br>KICP Seminar, University of Chicago, Chicago (USA), October 2014<br>CAS Wine &amp; Cheese Seminar, Johns Hopkins University, Baltimore (USA), October 2014&nbsp;<br>Seminar, Canadian Institute for Theoretical Astrophysics, Toronto (CA), October 2014&nbsp;<br>ITC Seminar, Harvard-Smithsonian Center for Astrophysics (USA), October 2014<br>ISCAP Seminar, Columbia University, New York (USA), October 2014<br>IAS Cosmology Lunch, Institute for Advanced Study, Princeton (USA), October 2014&nbsp;<br>Seminar, Leibniz Institute for Astrophysics, Potsdam (DE), July 2014<br>Universe Colloquium, Excellence Cluster Universe, Munich (DE), May 2014&nbsp;<\/p>\n\n\n\n<p><strong><br><\/strong><\/p>\n","protected":false},"excerpt":{"rendered":"<p>A&nbsp;list of talks given at conferences,&nbsp;seminars and colloquia. ORGANISATIONS OF WORKSHOPS ESI Workshop &#8220;Putting the Cosmic Large-scale Structure on the Map: Theory Meets Numerics&#8221; , September 2025, Vienna, Austria New Strategies for Extracting Cosmology from Galaxy Surveys, Sexten, July 2023\/24\/25 DESY Theory Workshop: Whispers from the Dark Universe, Hamburg, September 2024 The Non-Gaussian Universe, Centre [&hellip;]<\/p>\n","protected":false},"author":4587,"featured_media":0,"parent":0,"menu_order":0,"comment_status":"closed","ping_status":"closed","template":"","meta":{"footnotes":""},"class_list":["post-44","page","type-page","status-publish","hentry"],"_links":{"self":[{"href":"https:\/\/www.staff.ncl.ac.uk\/corauhlemann\/wp-json\/wp\/v2\/pages\/44","targetHints":{"allow":["GET"]}}],"collection":[{"href":"https:\/\/www.staff.ncl.ac.uk\/corauhlemann\/wp-json\/wp\/v2\/pages"}],"about":[{"href":"https:\/\/www.staff.ncl.ac.uk\/corauhlemann\/wp-json\/wp\/v2\/types\/page"}],"author":[{"embeddable":true,"href":"https:\/\/www.staff.ncl.ac.uk\/corauhlemann\/wp-json\/wp\/v2\/users\/4587"}],"replies":[{"embeddable":true,"href":"https:\/\/www.staff.ncl.ac.uk\/corauhlemann\/wp-json\/wp\/v2\/comments?post=44"}],"version-history":[{"count":25,"href":"https:\/\/www.staff.ncl.ac.uk\/corauhlemann\/wp-json\/wp\/v2\/pages\/44\/revisions"}],"predecessor-version":[{"id":444,"href":"https:\/\/www.staff.ncl.ac.uk\/corauhlemann\/wp-json\/wp\/v2\/pages\/44\/revisions\/444"}],"wp:attachment":[{"href":"https:\/\/www.staff.ncl.ac.uk\/corauhlemann\/wp-json\/wp\/v2\/media?parent=44"}],"curies":[{"name":"wp","href":"https:\/\/api.w.org\/{rel}","templated":true}]}}