{"id":6,"date":"2020-12-02T21:38:29","date_gmt":"2020-12-02T21:38:29","guid":{"rendered":"https:\/\/www.staff.ncl.ac.uk\/corauhlemann\/?page_id=6"},"modified":"2026-03-18T18:28:28","modified_gmt":"2026-03-18T18:28:28","slug":"research-publications","status":"publish","type":"page","link":"https:\/\/www.staff.ncl.ac.uk\/corauhlemann\/research-publications\/","title":{"rendered":"PUBLICATIONS"},"content":{"rendered":"\n<p>You can find my publication history on different platforms: <a href=\"https:\/\/scholar.google.at\/citations?user=yAWYhvgAAAAJ&amp;hl=de\">Google Scholar<\/a>,&nbsp;<a href=\"https:\/\/inspirehep.net\/authors\/1470861\">INSPIRE<\/a>,&nbsp;<a href=\"https:\/\/orcid.org\/0000-0001-7831-1579\">ORCID<\/a>,&nbsp;<a href=\"https:\/\/arxiv.org\/a\/uhlemann_c_2.html\">arXiv<\/a><\/p>\n\n\n\n<p><strong>total:&nbsp;<\/strong>40 research articles, 14 of which first &amp; corresponding&nbsp;author, 1 single author, <span style=\"text-decoration: underline\">12 led by PhD students and postdocs<\/span>, all independent of PhD supervisor, 4 science white papers for Astro2020 Decadal Survey, <a href=\"https:\/\/arxiv.org\/abs\/2110.10074\" target=\"_blank\" rel=\"noreferrer noopener\">1 science white paper for EUCAPT<\/a>, 1 science white paper for CosmoVerse (co-coordinated weak lensing section)<\/p>\n\n\n\n<div class=\"wp-block-group\"><div class=\"wp-block-group__inner-container is-layout-flow wp-block-group-is-layout-flow\">\n<div class=\"wp-block-group\"><div class=\"wp-block-group__inner-container is-layout-flow wp-block-group-is-layout-flow\">\n<div class=\"wp-block-group\"><div class=\"wp-block-group__inner-container is-layout-flow wp-block-group-is-layout-flow\">\n<p>October 2025<br><strong>Euclid preparation: Towards a DR1 application of higher-order weak lensing statistics<\/strong><br>Euclid Collaboration:\u00a0<span style=\"text-decoration: underline\">S. Vinciguerra<\/span>,\u00a0<span style=\"text-decoration: underline\">F. Bouch\u00e8<\/span>\u00a0,\u00a0N. Martinet,\u00a0L. Castiblanco,\u00a0C. Uhlemann et al. <strong><br><\/strong><a href=\"https:\/\/arxiv.org\/abs\/2510.04953\">https:\/\/arxiv.org\/abs\/2510.04953<\/a>, A&amp;A Volume 707 (A235), 2026<\/p>\n\n\n\n<p>September 2025<br><strong>Non-linear infusion of intrinsic alignment and source clustering: impact on non-Gaussian cosmic shear statistics<\/strong><br>J. Harnois-D\u00e9raps,&nbsp;N. \u0160ar\u010devi\u0107,&nbsp;L. Medina Varela,&nbsp;J. Armijo,&nbsp;C. T. Davies,&nbsp;N. van Alfen,&nbsp;J. Blazek,&nbsp;L. Castiblanco,&nbsp;A. Halder,&nbsp;K. Heitmann,&nbsp;P. Larsen,&nbsp;L. Linke,&nbsp;J. Liu,&nbsp;C. MacMahon-Gell\u00e9r,&nbsp;L. Porth,&nbsp;S. Rangel,&nbsp;C. Uhlemann, the&nbsp;LSST Dark Energy Science Collaboration<strong><br><\/strong><a href=\"https:\/\/arxiv.org\/abs\/2509.25166\">arXiv:2509.25166<\/a>, submitted to MNRAS<\/p>\n\n\n\n<p>September 2025<br><strong>Taking the Weight Off: Mitigating Parameter Bias from Catastrophic Outliers in 3x2pt analysis<br><\/strong><span style=\"text-decoration: underline\">Carolyn McDonald Mill<\/span>,&nbsp;C. Danielle Leonard,&nbsp;Markus Michael Rau,&nbsp;Cora Uhlemann,&nbsp;Shahab Joudaki<br><a href=\"https:\/\/arxiv.org\/abs\/2509.08052\">arXiv:2509.08052<\/a>, JCAP12 (2025) 037<\/p>\n\n\n\n<p><br>July 2025<br><strong>Bye binormal: analysing the joint PDF of galaxy density and weak lensing convergence<br><\/strong>Oliver Friedrich,&nbsp;<span style=\"text-decoration: underline\">Lina Castiblanco<\/span>,&nbsp;Anik Halder,&nbsp;Cora Uhlemann<br><a href=\"https:\/\/arxiv.org\/abs\/2507.16957\">arxiv:2507.16957<\/a>, MNRAS 545 (4) 2026<\/p>\n\n\n\n<p><br>April 2025<br><strong>The CosmoVerse White Paper: Addressing observational tensions in cosmology with systematics and fundamental physics<\/strong><br>The CosmoVerse Network, Editors: Eleonora Di Valentino &amp; Jackson Levi Said, <br>(co-ordinated section on Weak Lensing together with Daniela Grand\u00f3n, Marika Asgari)<strong><br><\/strong>Physics of the Dark Universe, <a href=\"https:\/\/www.sciencedirect.com\/journal\/physics-of-the-dark-universe\/vol\/49\/suppl\/C\">Volume 49<\/a>,&nbsp;September 2025, 101965, <a href=\"https:\/\/arxiv.org\/abs\/2504.01669\">arXiv:2504.01669<\/a><br><\/p>\n\n\n\n<p>September 2024<br><strong>Cosmology on point: modelling spectroscopic tracer one-point statistics<\/strong><br><span style=\"text-decoration: underline\">Beth Gould<\/span>, <span style=\"text-decoration: underline\">Lina Castiblanco<\/span>, Cora Uhlemann &amp; Oliver Friedrich<strong><br><\/strong><a href=\"https:\/\/astro.theoj.org\/article\/127800-cosmology-on-point-modelling-spectroscopic-tracer-one-point-statistics\">The Open Journal of Astrophysics, Vol. 8, 2025<\/a>, <a href=\"https:\/\/arxiv.org\/abs\/2409.18182\">arXiv:2409.18182<\/a><\/p>\n\n\n\n<p><\/p>\n\n\n\n<p>May 2024<br><strong>When to interfere with dark matter? The impact of wave dynamics on statistics<br><\/strong><span style=\"text-decoration: underline\">Alex Gough<\/span> &amp; Cora Uhlemann<br><a href=\"https:\/\/astro.theoj.org\/article\/121413-when-to-interfere-with-dark-matter-the-impact-of-wave-dynamics-on-statistics\">Open Journal of Astrophysics, Vol. 7, 2024<\/a>, <a href=\"https:\/\/arxiv.org\/abs\/2405.15852\">arXiv:2405.15852<\/a><\/p>\n\n\n\n<p><\/p>\n\n\n\n<p>May 2024<br><strong>Euclid.I. Overview of the Euclid mission<br><\/strong>Euclid Collaboration, Mellier et al. (incl. <span style=\"text-decoration: underline\">Lina Castiblanco<\/span>, Cora Uhlemann)<br><a href=\"https:\/\/www.aanda.org\/articles\/aa\/ref\/2025\/05\/aa50810-24\/aa50810-24.html\">A&amp;A Volume 697 &#8216;Euclid on Sky&#8217; May 2025<\/a>, <a href=\"https:\/\/arxiv.org\/abs\/2405.13491\">arXiv:2405.13491<\/a><\/p>\n\n\n\n<p><\/p>\n\n\n\n<p>May 2024<br><strong>Unleashing cosmic shear information with the tomographic weak lensing PDF<br><\/strong><span style=\"text-decoration: underline\">Lina Castiblanco<\/span>, Cora Uhlemann, Joachim Harnois-D\u00e9raps, Alexandre Barthelemy<br><a href=\"https:\/\/astro.theoj.org\/article\/121302-unleashing-cosmic-shear-information-with-the-tomographic-weak-lensing-pdf\">Open Journal of Astrophysics. Vol. 7, 2024<\/a>, <a href=\"https:\/\/arxiv.org\/abs\/2405.09651\">arXiv:2405.09651<\/a><\/p>\n\n\n\n<p><\/p>\n\n\n\n<p>July 2023<br><strong>Making the leap I: Modelling the reconstructed lensing convergence PDF from cosmic shear with survey masks and systematics<br><\/strong>Alexandre Barthelemy, Anik Halder, Zhengyangguang Gong, Cora Uhlemann<br>JCAP&nbsp;03&nbsp;(2024)&nbsp;060, <a href=\"https:\/\/arxiv.org\/abs\/2307.09468\" target=\"_blank\" rel=\"noreferrer noopener\">arxiv:2307.09468<\/a><\/p>\n\n\n\n<p><\/p>\n\n\n\n<p>January 2023<br><strong>Euclid Preparation XXIX: Forecasts for 10 different higher-order weak lensing statistics<br><\/strong>Euclid collaboration: V. Ajani, M. Baldi, A. Barthelemy, A. Boyle, P. Burger, V. F. Cardone, S. Cheng, S. Codis, C. Giocoli, J. Harnois-D\u00e9raps, S. Heydenreich, V. Kansal, M. Kilbinger, L. Linke, C. Llinares, N. Martinet, C. Parroni, A. Peel, S. Pires, L. Porth, I. Tereno, C. Uhlemann, M. Vicinanza, S. Vinciguerra et al.<br>Astronomy &amp; Astrophysics 675&nbsp;(2023)&nbsp;A120, <a rel=\"noreferrer noopener\" href=\"https:\/\/arxiv.org\/abs\/2301.12890\" target=\"_blank\">arXiv:2301.12890<\/a><\/p>\n\n\n\n<p><\/p>\n\n\n\n<p>December 2022<br><strong>The cumulant generating function as a novel observable to cumulate weak lensing information<br><\/strong><span style=\"text-decoration: underline\">Aoife Boyle<\/span>, <span style=\"text-decoration: underline\">Alexandre Barthelemy<\/span>, Sandrine Codis, Cora Uhlemann &amp; Oliver Friedrich<br>Open Journal of Astrophysics 6 (2023), <a rel=\"noreferrer noopener\" href=\"2212.10351\" target=\"_blank\">arXiv:<\/a><a rel=\"noreferrer noopener\" href=\"https:\/\/arxiv.org\/abs\/2212.10351\" target=\"_blank\">2212.10351<\/a><\/p>\n\n\n\n<p><\/p>\n\n\n\n<p>October 2022<br><strong>It takes two to know one: Computing accurate one-point PDF covariances from effective two-point PDF models<br><\/strong>Cora Uhlemann, Oliver Friedrich, Aoife Boyle, Alex Gough, Alexandre Barthelemy, Francis Bernardeau &amp; Sandrine Codis<br>Open Journal of Astrophysics 6 (2023), <a rel=\"noreferrer noopener\" href=\"https:\/\/arxiv.org\/abs\/2210.07819\" target=\"_blank\">arXiv:2210.07819<\/a><\/p>\n\n\n\n<p><a href=\"\"><\/a><\/p>\n\n\n\n<p>June 2022<br><strong>Making (dark matter) waves: Untangling wave interference for multi-streaming dark matter<br><\/strong><span style=\"text-decoration: underline\">Alex Gough<\/span> &amp; Cora Uhlemann<br>Open Journal of Astrophysics 5 (2022), <a rel=\"noreferrer noopener\" href=\"https:\/\/arxiv.org\/abs\/2206.11918\" target=\"_blank\">arXiv:2206.11918<\/a><\/p>\n\n\n\n<p><\/p>\n\n\n\n<p>December 2021<br><strong>One-point statistics matter in extended cosmologies<br><\/strong><span style=\"text-decoration: underline\">Alex Gough<\/span> &amp; Cora Uhlemann<br>Universe 2022, 8 (1), 55, special issue: Alternative Gravities and Fundamental Cosmology, <a href=\"https:\/\/arxiv.org\/abs\/2112.04428\">arXiv:2112.04428<\/a><\/p>\n\n\n\n<p><\/p>\n\n\n\n<p>September 2021<br><strong>The matter density PDF for modified gravity and dark energy with Large Deviations Theory<\/strong><br><span style=\"text-decoration: underline\">Matteo Cataneo<\/span>, Cora Uhlemann, Christian Arnold, Alex Gough, Baojiu Li, Catherine Heymans<strong><br><\/strong><a rel=\"noreferrer noopener\" href=\"https:\/\/doi.org\/10.1093\/mnras\/stac904\" target=\"_blank\">Monthly Notices of the Royal Astronomical Society 513 (2) 1623\u20131641 (2022)<\/a>, <a href=\"https:\/\/arxiv.org\/abs\/2109.02636\">arXiv:2109.02636<\/a><\/p>\n\n\n\n<p><\/p>\n\n\n\n<p>July 2021<br><strong>The PDF perspective on the tracer-matter connection: Lagrangian bias and non-Poissonian shot noise<\/strong><br>Oliver Friedrich, <span style=\"text-decoration: underline\">Anik Halder<\/span>, Aoife Boyle, Cora Uhlemann, Dylan Britt, Sandrine Codis, Daniel Gruen, ChangHoon Hahn<br><em>Monthly Notices of the Royal Astronomical Society<\/em>, Volume 510, Issue 4, March 2022, Pages 5069\u20135087, <a rel=\"noreferrer noopener\" href=\"https:\/\/arxiv.org\/abs\/2107.02300\" target=\"_blank\">arXiv:2107.02300 <\/a><\/p>\n\n\n\n<p><\/p>\n\n\n\n<p>June 2021<br><strong>Numerical complexity of the joint nulled weak-lensing probability distribution function<\/strong><br><span style=\"text-decoration: underline\">Alexandre Barthelemy<\/span>,&nbsp;Francis Bernardeau, Sandrine Codis,&nbsp;Cora Uhlemann<br><a href=\"https:\/\/journals.aps.org\/prd\/abstract\/10.1103\/PhysRevD.105.043537\" target=\"_blank\" rel=\"noreferrer noopener\">Phys. Rev. D&nbsp;<strong>105<\/strong>, 043537 (2022)<\/a>, <a rel=\"noreferrer noopener\" href=\"https:\/\/arxiv.org\/abs\/2106.11632\" target=\"_blank\">arXiv:2106.11632<\/a><\/p>\n\n\n\n<p><\/p>\n\n\n\n<p>December 2020<br><strong>Nuw CDM cosmology from the weak lensing convergence PDF<\/strong><br><span style=\"text-decoration: underline\">Aoife Boyle<\/span>,&nbsp;Cora Uhlemann,&nbsp;Oliver Friedrich,&nbsp;Alexandre Barthelemy,&nbsp;Sandrine Codis,&nbsp;Francis Bernardeau,&nbsp;Carlo Giocoli,&nbsp;Marco Baldi<br><a href=\"https:\/\/academic.oup.com\/mnras\/article-abstract\/505\/2\/2886\/6278214?redirectedFrom=fulltext\" target=\"_blank\" rel=\"noreferrer noopener\">MNRAS 505 (2021) 2886-2902<\/a>, <a href=\"https:\/\/arxiv.org\/abs\/2012.07771\" data-type=\"URL\" data-id=\"https:\/\/arxiv.org\/abs\/2012.07771\">arXiv:2012.07771<\/a><\/p>\n\n\n\n<p><\/p>\n\n\n\n<p>August 2020<br><strong>Higher-order initial conditions for mixed baryon-CDM simulations<\/strong><br>Oliver Hahn, Cornelius Rampf, C. Uhlemann<br><a rel=\"noreferrer noopener\" href=\"https:\/\/academic.oup.com\/mnras\/article-abstract\/503\/1\/426\/6031329?redirectedFrom=fulltext\" target=\"_blank\">MNRAS 503 (2021) 426-445<\/a>, <a href=\"https:\/\/arxiv.org\/abs\/2008.09124\">arXiv:2008.09124<\/a> <\/p>\n<\/div><\/div>\n<\/div><\/div>\n\n\n\n<p><\/p>\n<\/div><\/div>\n\n\n\n<div class=\"wp-block-group\"><div class=\"wp-block-group__inner-container is-layout-flow wp-block-group-is-layout-flow\">\n<p>August 2020<br><strong>Cosmological perturbations for two cold fluids in&nbsp;\u039bCDM<\/strong><br>Cornelius Rampf, C. Uhlemann,&nbsp;Oliver Hahn<br><a rel=\"noreferrer noopener\" href=\"https:\/\/academic.oup.com\/mnras\/article-abstract\/503\/1\/406\/6031325?redirectedFrom=fulltext\" target=\"_blank\">MNRAS 503 (2021) 406-425<\/a>, <a href=\"https:\/\/arxiv.org\/abs\/2008.09123\">arXiv:2008.09123<\/a><\/p>\n\n\n\n<p><\/p>\n<\/div><\/div>\n\n\n\n<p>December 2019<br><strong>Primordial non-Gaussianity without tails &#8212; how to measure fNL with the bulk of the density PDF<\/strong><br>Oliver Friedrich, Cora Uhlemann,&nbsp;Francisco Villaescusa-Navarro, Tobias Baldauf, Marc Manera, Takahiro Nishimichi<br><a href=\"https:\/\/doi.org\/10.1093\/mnras\/staa2160\">MNRAS &nbsp;498 (2020) 464\u201348<\/a>,<a href=\"https:\/\/arxiv.org\/abs\/1912.06621\">&nbsp;arXiv:1912.06621<\/a><\/p>\n\n\n\n<p><\/p>\n\n\n\n<p>November 2019<br><strong>Fisher for complements: Extracting cosmology and neutrino mass from the counts-in-cells PDF<\/strong><br>Cora Uhlemann, Oliver Friedrich, Francisco Villaescusa-Navarro, Arka Banerjee, Sandrine Codis<br><a href=\"https:\/\/doi.org\/10.1093\/mnras\/staa1155\">MNRAS&nbsp;&nbsp;495 (4):&nbsp;4006\u2013402 (2020)<\/a>,&nbsp;<a href=\"https:\/\/arxiv.org\/abs\/1911.11158\">arXiv:1911.11158<\/a><\/p>\n\n\n\n<p><\/p>\n\n\n\n<p>September 2019 <br><strong>The Quijote simulations<br><\/strong>F. Villaescusa-Navarro, C-H. Hahn, E. Massara , A. Banerjee, A. M. Delgado, D. K. Ramanah, T. Charnock, E. Giusarma , Y. Li, , E. Allys, A. Brochard ,&nbsp;<strong>C Uhlemann<\/strong>, C-T. Chiang , S. He , A. Pisani , A. Obuljen , Y. Feng, E. Castorina , G. Contardo , C. D. Kreisch , A. Nicola , J. Alsing , R. Scoccimarro, L Verde, M. Viel , S. Ho, S. Mallat, B. Wandelt , D. N. Spergel<br>The Astrophysical Journal Supplement Series, Volume 250, Issue 1, id.2, <a href=\"https:\/\/arxiv.org\/abs\/1909.05273\">arXiv:1909.05273<\/a><\/p>\n\n\n\n<p><\/p>\n\n\n\n<p>July 2019<br><strong>Game of cones: a nulling strategy for modelling lensing convergence in cones with large deviation theory<\/strong><br><span style=\"text-decoration: underline\">A. Barthelemy<\/span>, S. Codis, C. Uhlemann, F. Bernardeau, R. Gavazzi<br><a href=\"https:\/\/doi.org\/10.1093\/mnras\/staa053\">MNRAS&nbsp;492 (3):&nbsp;3420\u20133439 (2020)<\/a>,&nbsp;<a href=\"https:\/\/arxiv.org\/abs\/1909.02615\">arXiv:1909.02615<\/a><\/p>\n\n\n\n<p><\/p>\n\n\n\n<p>December 2018<br><strong>A semiclassical path to cosmic large-scale structure<\/strong><br>Cora Uhlemann, Cornelius Rampf, Mateja Gosenca, Oliver Hahn<br><a href=\"https:\/\/journals.aps.org\/prd\/abstract\/10.1103\/PhysRevD.99.083524\">Phys. Rev. D 99, 083524 (2019)<\/a>,&nbsp;<a href=\"https:\/\/arxiv.org\/abs\/1812.05633\">arXiv:1812.05633<\/a><\/p>\n\n\n\n<p>August 2018<br><strong>Extreme Spheres: Counts-in-cells for 21cm intensity mapping<\/strong><br><span style=\"text-decoration: underline\">Oliver Leicht<\/span>, Cora Uhlemann, Francisco Villaescusa-Navarro, Sandrine Codis, Lars Hernquist, Shy Genel<br><a href=\"https:\/\/academic.oup.com\/mnras\/advance-article-abstract\/doi\/10.1093\/mnras\/sty3469\/5256658?redirectedFrom=fulltext\">MNRAS&nbsp;484 (1): 269-281 (2019)<\/a>,&nbsp;<a href=\"https:\/\/arxiv.org\/abs\/1808.09968\">arXiv:1808.09968<\/a><\/p>\n\n\n\n<p>July 2018<br><strong>Finding closure: approximating Vlasov-Poisson using finitely generated cumulants<\/strong><br>Cora Uhlemann<br><a href=\"http:\/\/iopscience.iop.org\/article\/10.1088\/1475-7516\/2018\/10\/030\/meta\">JCAP10 (2018) 030<\/a>,&nbsp;<a href=\"https:\/\/arxiv.org\/abs\/1807.07274\">arXiv: 1807.07274<\/a><\/p>\n\n\n\n<p>November 2017<br><strong>Cylinders out of a top hat: counts-in-cells for projected densities<br><\/strong>Cora Uhlemann, Christophe Pichon, Sandrine Codis, Benjamin L&#8217;Huillier, Juhan Kim, Francis Bernardeau, Changbom Park, Simon Prunet<br><a href=\"https:\/\/academic.oup.com\/mnras\/article-abstract\/477\/2\/2772\/4939292?redirectedFrom=fulltext\">MNRAS 477 (2): 2772-2785<\/a>,&nbsp;<a href=\"https:\/\/arxiv.org\/abs\/1711.04767\">arXiv:1711.04767<\/a><\/p>\n\n\n\n<p>August 2017<br><strong>Hunting high and low: Disentangling primordial and late-time non-Gaussianity with cosmic densities in spheres<\/strong><br>C. Uhlemann, E.&nbsp;Pajer,&nbsp;C. Pichon, T. Nishimichi,&nbsp;S. Codis and&nbsp;F.&nbsp;Bernardeau<br><a href=\"https:\/\/academic.oup.com\/mnras\/article-abstract\/474\/3\/2853\/4411843?redirectedFrom=fulltext\">MNRAS&nbsp;474&nbsp;(3):&nbsp;2853\u20132870 (2018)<\/a>,&nbsp;<a href=\"https:\/\/arxiv.org\/abs\/1708.02206\">arXiv:1708.02206<\/a><\/p>\n\n\n\n<p>May 2017<br><strong>A question of separation: disentangling tracer bias and gravitational&nbsp;nonlinearity with counts-in-cells statistics<\/strong><br>C. Uhlemann, M. Feix, S. Codis, C. Pichon, F.&nbsp;Bernardeau,&nbsp;B. L&#8217;Huillier, J. Kim, S. E. Hong, C.&nbsp;Laigle, C. Park, J. Shin and D.&nbsp;Pogosyan<br><a href=\"https:\/\/academic.oup.com\/mnras\/article-abstract\/473\/4\/5098\/4411838?redirectedFrom=fulltext\">MNRAS 473 (4):&nbsp;5098\u20135112 (2018)<\/a>,&nbsp;<a href=\"https:\/\/arxiv.org\/abs\/1705.08901\">arXiv:1705.08901<\/a><\/p>\n\n\n\n<p>December 2016<br><strong>Two is better than one: joint statistics of density and velocity in concentric spheres as cosmological probe<\/strong><br>C. Uhlemann, S. Codis, O. Hahn, C. Pichon and&nbsp;F. Bernardeau<br><a href=\"https:\/\/academic.oup.com\/mnras\/article-abstract\/469\/2\/2481\/3752448?redirectedFrom=fulltext\">MNRAS 469 (2): 2481-2497 (2017)<\/a>,&nbsp;<a href=\"https:\/\/arxiv.org\/abs\/1612.00019\">arXiv:1612.00019<\/a>,&nbsp;<a href=\"https:\/\/corauhlemann.webs.com\/LSSFast.v.3.tar\">LSSfast code v3<\/a><\/p>\n\n\n\n<p>July 2016<br><strong>Beyond Kaiser bias: mildly non-linear two-point statistics of densities in distant spheres<\/strong><br>C. Uhlemann, S. Codis, J. Kim, C. Pichon, F. Bernardeau, D. Pogosyan, C. Park and B. L\u2019Huillier&nbsp;<br><a href=\"https:\/\/academic.oup.com\/mnras\/article-abstract\/466\/2\/2067\/2669322?redirectedFrom=fulltext\">MNRAS 466 (2): 2067-2084 (2017)<\/a>,&nbsp;<a href=\"https:\/\/arxiv.org\/abs\/1607.01026\">arXiv:1607.01026<\/a>,&nbsp;<a href=\"https:\/\/corauhlemann.webs.com\/LSSFast.v.2.tar\">LSSfast code v2<\/a><\/p>\n\n\n\n<p>June 2016<br><strong>Choose to smooth: Gaussian streaming with the truncated Zel&#8217;dovich approxmation<br><\/strong>M. Kopp,&nbsp;C. Uhlemann,&nbsp;I. Achitouv<br><a href=\"https:\/\/journals.aps.org\/prd\/abstract\/10.1103\/PhysRevD.94.123522\">Phys. Rev. D 94, 123522 (2016)<\/a>,&nbsp;<a href=\"https:\/\/arxiv.org\/abs\/1606.02301\">arXiv:1606.02301<\/a><\/p>\n\n\n\n<p>March 2016<br><strong>Encircling the dark: constraining dark energy via cosmic density in spheres<br><\/strong>S. Codis,&nbsp;C. Pichon,&nbsp;F. Bernardeau,&nbsp;C. Uhlemann,&nbsp;S. Prunet<br><a href=\"https:\/\/academic.oup.com\/mnras\/article-abstract\/460\/2\/1549\/2609070?redirectedFrom=fulltext\">MNRAS 460 (2): 1549-1554 (2016)<\/a>,&nbsp;<a href=\"https:\/\/arxiv.org\/abs\/1603.03347\">arXiv:1603.03347<\/a>,&nbsp;<a href=\"https:\/\/corauhlemann.webs.com\/LSSFast.v.3-1.tar\">LSSfast code v1<\/a><\/p>\n\n\n\n<p>December 2015<br><strong>Back in the saddle: Large-deviation statistics of the cosmic log-density field<\/strong><br>C. Uhlemann, S. Codis, C. Pichon, F. Bernardeau, P. Reimberg<br><a href=\"https:\/\/academic.oup.com\/mnras\/article-abstract\/460\/2\/1529\/2609049?redirectedFrom=fulltext\">MNRAS 460 (2): 1529-1541 (2016)<\/a>,&nbsp;<a href=\"https:\/\/arxiv.org\/abs\/1512.05793\">arXiv:1512.05793<\/a><\/p>\n\n\n\n<p>March 2015<br><strong>Edgeworth streaming model for redshift space distortions<\/strong><br>C. Uhlemann, M. Kopp and T. Haugg<br><a href=\"https:\/\/journals.aps.org\/prd\/abstract\/10.1103\/PhysRevD.92.063004\">Phys. Rev. D 92, 063004 (2015)<\/a>,&nbsp;<a href=\"https:\/\/arxiv.org\/abs\/1503.08837\">arXiv:1503.08837<\/a><\/p>\n\n\n\n<p>September 2014<br><strong>Beyond single-stream with the Schr\u00f6dinger method<\/strong><br>C. Uhlemann and M. Kopp<br><a href=\"https:\/\/www.cambridge.org\/core\/journals\/proceedings-of-the-international-astronomical-union\/article\/beyond-singlestream-with-the-schrodinger-method\/09B4B3C02169EDA7B53DE587B705261E\">Proceedings IAU Symposium 308 The Zeldovich Universe<\/a>,&nbsp;<a href=\"https:\/\/arxiv.org\/abs\/1409.7694\">arXiv:1409.7694<\/a><\/p>\n\n\n\n<p>July 2014<br><strong>Coarse-grained cosmological perturbation theory: stirring up the dust model<\/strong><br>C. Uhlemann and M. Kopp<br><a href=\"https:\/\/journals.aps.org\/prd\/abstract\/10.1103\/PhysRevD.91.084010\">Phys. Rev. D 91, 084010 (2015)<\/a>,&nbsp;<a href=\"https:\/\/arxiv.org\/abs\/1407.4810\">arXiv:1407.4810&nbsp;<\/a><\/p>\n\n\n\n<p>March 2014<br><strong>Schr\u00f6dinger method as N-body double and UV completion of dust<\/strong><br>C. Uhlemann, M. Kopp and T. Haugg<br><a href=\"https:\/\/journals.aps.org\/prd\/abstract\/10.1103\/PhysRevD.90.023517\">Phys. Rev. D 90, 023517 (2014)<\/a>,&nbsp;<a href=\"https:\/\/arxiv.org\/abs\/1403.5567\">arXiv:1403.5567<\/a><\/p>\n\n\n\n<p>December 2013<br><strong>Newton to Einstein &#8211; dust to dust<\/strong><br>M. Kopp, C. Uhlemann and T. Haugg<br><a href=\"http:\/\/iopscience.iop.org\/1475-7516\/2014\/03\/018\/\">JCAP03 (2014) 018<\/a>,&nbsp;<a href=\"https:\/\/arxiv.org\/abs\/1312.3638\">arXiv:1312.3638&nbsp;<\/a><\/p>\n","protected":false},"excerpt":{"rendered":"<p>You can find my publication history on different platforms: Google Scholar,&nbsp;INSPIRE,&nbsp;ORCID,&nbsp;arXiv total:&nbsp;40 research articles, 14 of which first &amp; corresponding&nbsp;author, 1 single author, 12 led by PhD students and postdocs, all independent of PhD supervisor, 4 science white papers for Astro2020 Decadal Survey, 1 science white paper for EUCAPT, 1 science white paper for CosmoVerse [&hellip;]<\/p>\n","protected":false},"author":4587,"featured_media":0,"parent":0,"menu_order":0,"comment_status":"closed","ping_status":"closed","template":"","meta":{"footnotes":""},"class_list":["post-6","page","type-page","status-publish","hentry"],"_links":{"self":[{"href":"https:\/\/www.staff.ncl.ac.uk\/corauhlemann\/wp-json\/wp\/v2\/pages\/6","targetHints":{"allow":["GET"]}}],"collection":[{"href":"https:\/\/www.staff.ncl.ac.uk\/corauhlemann\/wp-json\/wp\/v2\/pages"}],"about":[{"href":"https:\/\/www.staff.ncl.ac.uk\/corauhlemann\/wp-json\/wp\/v2\/types\/page"}],"author":[{"embeddable":true,"href":"https:\/\/www.staff.ncl.ac.uk\/corauhlemann\/wp-json\/wp\/v2\/users\/4587"}],"replies":[{"embeddable":true,"href":"https:\/\/www.staff.ncl.ac.uk\/corauhlemann\/wp-json\/wp\/v2\/comments?post=6"}],"version-history":[{"count":68,"href":"https:\/\/www.staff.ncl.ac.uk\/corauhlemann\/wp-json\/wp\/v2\/pages\/6\/revisions"}],"predecessor-version":[{"id":437,"href":"https:\/\/www.staff.ncl.ac.uk\/corauhlemann\/wp-json\/wp\/v2\/pages\/6\/revisions\/437"}],"wp:attachment":[{"href":"https:\/\/www.staff.ncl.ac.uk\/corauhlemann\/wp-json\/wp\/v2\/media?parent=6"}],"curies":[{"name":"wp","href":"https:\/\/api.w.org\/{rel}","templated":true}]}}