{"id":652,"date":"2024-06-15T10:53:02","date_gmt":"2024-06-15T10:53:02","guid":{"rendered":"https:\/\/www.staff.ncl.ac.uk\/rishad.shafik\/?page_id=652"},"modified":"2024-06-15T11:00:38","modified_gmt":"2024-06-15T11:00:38","slug":"people","status":"publish","type":"page","link":"https:\/\/www.staff.ncl.ac.uk\/rishad.shafik\/people\/","title":{"rendered":"People"},"content":{"rendered":"<p><strong>Lab\u00a0Researchers<\/strong><\/p>\n<hr \/>\n<table class=\"t1\" cellspacing=\"0\" cellpadding=\"0\">\n<tbody>\n<tr>\n<td class=\"td1\" valign=\"top\">\n<p class=\"p1\"><b>Staff<\/b><\/p>\n<\/td>\n<td class=\"td1\" valign=\"top\">\n<p class=\"p1\"><b>Role<\/b><\/p>\n<\/td>\n<\/tr>\n<tr>\n<td class=\"td1\" valign=\"top\">\n<p class=\"p2\"><span class=\"s1\"><a href=\"https:\/\/www.ncl.ac.uk\/engineering\/staff\/profile\/rishadshafik.html\">Rishad Shafik<\/a><\/span><\/p>\n<\/td>\n<td class=\"td1\" valign=\"top\">\n<p class=\"p1\">Professor and Principal Investigator<\/p>\n<\/td>\n<\/tr>\n<tr>\n<td class=\"td1\" valign=\"top\">\n<p class=\"p1\">Alex Chan<\/p>\n<\/td>\n<td class=\"td1\" valign=\"top\">\n<p class=\"p1\">Research Associate, SONNETS programme, Machine Learning for Event-Triggered Systems<\/p>\n<\/td>\n<\/tr>\n<tr>\n<td class=\"td1\" valign=\"top\">\n<p class=\"p1\">Tousif Rahman<\/p>\n<\/td>\n<td class=\"td1\" valign=\"top\">\n<p class=\"p1\">Research Associate, SONNETS programme, Machine Learning for Event-Triggered Systems<\/p>\n<\/td>\n<\/tr>\n<tr>\n<td class=\"td1\" valign=\"top\">\n<p class=\"p1\">Olga Tarasyuk<\/p>\n<\/td>\n<td class=\"td1\" valign=\"top\">\n<p class=\"p1\">Visiting Researcher, working on visualisation of explainable AI algorithms and systems<\/p>\n<\/td>\n<\/tr>\n<tr>\n<td class=\"td1\" valign=\"top\">\n<p class=\"p1\">Marcos Sartori<\/p>\n<\/td>\n<td class=\"td1\" valign=\"top\">\n<p class=\"p1\">Research Associate, ESTEEM project, Flexible Machine Learning Integrated Circuit Design<\/p>\n<\/td>\n<\/tr>\n<tr>\n<td class=\"td1\" valign=\"top\">\n<p class=\"p1\">Shengyu Duan<\/p>\n<\/td>\n<td class=\"td1\" valign=\"top\">\n<p class=\"p1\">Research Associate, ESTEEM project, Flexible Machine Learning Integrated Circuit Design<\/p>\n<\/td>\n<\/tr>\n<tr>\n<td class=\"td1\" valign=\"top\">\n<p class=\"p1\">Congyi Xu<\/p>\n<\/td>\n<td class=\"td1\" valign=\"top\">\n<p class=\"p1\">PhD Student, working on event-triggered HW design<\/p>\n<\/td>\n<\/tr>\n<tr>\n<td class=\"td1\" valign=\"top\">\n<p class=\"p1\">Yushu Qin<\/p>\n<\/td>\n<td class=\"td1\" valign=\"top\">\n<p class=\"p1\">PhD student, working on flexible IC design<\/p>\n<\/td>\n<\/tr>\n<tr>\n<td class=\"td1\" valign=\"top\">\n<p class=\"p1\">Jesse Ojukwu<\/p>\n<\/td>\n<td class=\"td1\" valign=\"top\">\n<p class=\"p1\">PhD student, working on AI-enabled Digital Twinning Systems<\/p>\n<\/td>\n<\/tr>\n<tr>\n<td class=\"td1\" valign=\"top\">\n<p class=\"p1\">Yujin Zhang<\/p>\n<\/td>\n<td class=\"td1\" valign=\"top\">\n<p class=\"p1\">Researcher, working on IC Design<\/p>\n<\/td>\n<\/tr>\n<tr>\n<td class=\"td1\" valign=\"top\">\n<p class=\"p1\">Gang Mao<\/p>\n<\/td>\n<td class=\"td1\" valign=\"top\">\n<p class=\"p1\">PhD Researcher, working on Asycnronous Machine Learning Hardware Design<\/p>\n<\/td>\n<\/tr>\n<tr>\n<td class=\"td1\" valign=\"top\">\n<p class=\"p1\">Omar Ghazal<\/p>\n<\/td>\n<td class=\"td1\" valign=\"top\">\n<p class=\"p1\">PhD Researcher, working on Mixed-Signal AI Hardware Design.<\/p>\n<\/td>\n<\/tr>\n<tr>\n<td class=\"td1\" valign=\"top\">\n<p class=\"p1\">Bob Pattison<\/p>\n<\/td>\n<td class=\"td1\" valign=\"top\">\n<p class=\"p1\">Researcher, working on machine learning using Tsetlin Machine principles<\/p>\n<\/td>\n<\/tr>\n<tr>\n<td class=\"td1\" valign=\"top\">\n<p class=\"p1\">Ivan Shmarov<\/p>\n<\/td>\n<td class=\"td1\" valign=\"top\">\n<p class=\"p1\">(Graduated) worked on Power Infused AI Systems, together with Dr Pablo Docampo (Glasgow) and Dr Thomas Billam (Newcastle)<\/p>\n<\/td>\n<\/tr>\n<tr>\n<td class=\"td1\" valign=\"top\">\n<p class=\"p1\">Komal Krishnamurthy<\/p>\n<\/td>\n<td class=\"td1\" valign=\"top\">\n<p class=\"p1\">PhD Researcher, working on Analogue-Asynchronous Co-design for Machine Learning Systems<\/p>\n<\/td>\n<\/tr>\n<tr>\n<td class=\"td1\" valign=\"top\">\n<p class=\"p1\">Tain Lan<\/p>\n<\/td>\n<td class=\"td1\" valign=\"top\">\n<p class=\"p1\">PhD Researcher, working on Analogue Circuit Design Methods<\/p>\n<\/td>\n<\/tr>\n<tr>\n<td class=\"td1\" valign=\"top\">\n<p class=\"p1\">Svein Anders Tunheim<\/p>\n<\/td>\n<td class=\"td1\" valign=\"top\">\n<p class=\"p1\">PhD Researcher (based primarily in University of Agder), working on scalable AI hardware architectures.<\/p>\n<\/td>\n<\/tr>\n<tr>\n<td class=\"td1\" valign=\"top\">\n<p class=\"p1\">Naveed Saba<\/p>\n<\/td>\n<td class=\"td1\" valign=\"top\">\n<p class=\"p1\">PhD Researcher (primary supervisor Dr Annette Pantall), working on wearable systems for muscle health and analysis.<\/p>\n<\/td>\n<\/tr>\n<\/tbody>\n<\/table>\n<p><b>Current MSc and Undergraduate Project Students<\/b><\/p>\n<hr \/>\n<ol>\n<li>Pavan Ambrekar is an\u00a0MSc student from our MSc Microelectronics cohort. He is currently investigating verification and validation architecture for AI hardware.<\/li>\n<li>Srikanth Pitta is an\u00a0MSc student from our MSc Microelectronics cohort. He is currently investigating audio wearable design using Learning Automata based AI hardware.<\/li>\n<li>Kaiyun Chen is an\u00a0MSc student from our MSc Microelectronics cohort. He is currently investigating mixed signal memristor-based approximate arithmetic design.<\/li>\n<li>Zheyuan Xu is an\u00a0MSc student from our MSc Microelectronics cohort. He is currently investigating energy harvesting and management for solar-powered circuits.<\/li>\n<li>Eileen Li is an\u00a0MSc student from our Biomedical Stream. She is currently studying the use of AI for detecting epileptic seizures.<\/li>\n<li>Ahmed Eldahesh is an\u00a0MSc student from our MSc Embedded Systems and IoT cohort. He is currently studying low-power data encoding methods for Learning Automata based AI hardware.<\/li>\n<\/ol>\n<p><b>Lab Alumni<\/b><\/p>\n<hr \/>\n<ol>\n<li>Mohammed A. N. Al-hayanni was a PhD student (15-19) &#8212; currently working as an academic in Iraq.<\/li>\n<li>Issa Qiqieh was a PhD student (14-18) &#8212; currently working as an academic in Jordan.<\/li>\n<li>Francesco Mazzei was an MS intern &#8212; currently working in Manchester in an SME.<\/li>\n<li>Ms \u00d6. Zulal Tanr\u0131vermi\u015f was an Erasmus+ intern\u00a0 &#8212; currently studying further in Turkey.<\/li>\n<li>Matt Travers was an MEng student in 2015-2016 academic year &#8212;\u00a0 currently working in a finance investment company.<\/li>\n<li>Ahmed Khadim was\u00a0an MSc student in 2015-2016 academic year &#8212; currently an academic of a university in Iraq.<\/li>\n<li>Joshua Da Costa was a\u00a0Stage 3 BEng project student, who is currently working in banking sector.<\/li>\n<li>Harry Snell was a Stage 3 BEng project student &#8212; currently studying further.<\/li>\n<li>Dainius Jenkus was a Stage 3 BEng project student &#8212; currently studying for PhD in the lab.<\/li>\n<li>Joe Scott\u00a0was a Stage 3 BEng project student &#8212; currently studying for PhD in Newcastle.<\/li>\n<li>Joel Holland\u00a0was a Stage 3 BEng project student &#8212; currently studying for PhD in Newcastle.<\/li>\n<li>Danny Harris was a\u00a0Stage 3 BEng student, who studied energy efficiency of multi-layered AI hardware.<\/li>\n<li>Luke Waller was a Stage 4 Industrial Intern, who studied temporal computing methods for AI hardware.<\/li>\n<\/ol>\n<p>Back to <a href=\"https:\/\/www.staff.ncl.ac.uk\/rishad.shafik\">HOME<\/a>\u00a0page.<\/p>\n<p><a href=\"https:\/\/www.staff.ncl.ac.uk\/rishad.shafik\/\">Home<\/a> | <a href=\"https:\/\/www.staff.ncl.ac.uk\/rishad.shafik\/people\/\">People<\/a> | <a href=\"https:\/\/www.staff.ncl.ac.uk\/rishad.shafik\/publications\/\">Publications<\/a> | <a href=\"https:\/\/www.staff.ncl.ac.uk\/rishad.shafik\/demo-tools\/\">Research<\/a> | <a href=\"https:\/\/www.staff.ncl.ac.uk\/rishad.shafik\/newsandevents\/\">News &amp; Events<\/a> | <a href=\"https:\/\/www.staff.ncl.ac.uk\/rishad.shafik\/contact\/\">Contact<\/a><\/p>\n\n\n<p><\/p>\n","protected":false},"excerpt":{"rendered":"<p>Lab\u00a0Researchers Staff Role Rishad Shafik Professor and Principal Investigator Alex Chan Research Associate, SONNETS programme, Machine Learning for Event-Triggered Systems Tousif Rahman Research Associate, SONNETS programme, Machine Learning for Event-Triggered Systems Olga Tarasyuk Visiting Researcher, working on visualisation of explainable AI algorithms and systems Marcos Sartori Research Associate, ESTEEM project, Flexible Machine Learning Integrated Circuit &hellip; <\/p>\n<p class=\"link-more\"><a href=\"https:\/\/www.staff.ncl.ac.uk\/rishad.shafik\/people\/\" class=\"more-link\">Continue reading<span class=\"screen-reader-text\"> &#8220;People&#8221;<\/span><\/a><\/p>\n","protected":false},"author":1152,"featured_media":0,"parent":0,"menu_order":0,"comment_status":"closed","ping_status":"closed","template":"","meta":{"footnotes":""},"class_list":["post-652","page","type-page","status-publish","hentry","entry"],"_links":{"self":[{"href":"https:\/\/www.staff.ncl.ac.uk\/rishad.shafik\/wp-json\/wp\/v2\/pages\/652","targetHints":{"allow":["GET"]}}],"collection":[{"href":"https:\/\/www.staff.ncl.ac.uk\/rishad.shafik\/wp-json\/wp\/v2\/pages"}],"about":[{"href":"https:\/\/www.staff.ncl.ac.uk\/rishad.shafik\/wp-json\/wp\/v2\/types\/page"}],"author":[{"embeddable":true,"href":"https:\/\/www.staff.ncl.ac.uk\/rishad.shafik\/wp-json\/wp\/v2\/users\/1152"}],"replies":[{"embeddable":true,"href":"https:\/\/www.staff.ncl.ac.uk\/rishad.shafik\/wp-json\/wp\/v2\/comments?post=652"}],"version-history":[{"count":4,"href":"https:\/\/www.staff.ncl.ac.uk\/rishad.shafik\/wp-json\/wp\/v2\/pages\/652\/revisions"}],"predecessor-version":[{"id":658,"href":"https:\/\/www.staff.ncl.ac.uk\/rishad.shafik\/wp-json\/wp\/v2\/pages\/652\/revisions\/658"}],"wp:attachment":[{"href":"https:\/\/www.staff.ncl.ac.uk\/rishad.shafik\/wp-json\/wp\/v2\/media?parent=652"}],"curies":[{"name":"wp","href":"https:\/\/api.w.org\/{rel}","templated":true}]}}